{"id":123,"date":"2023-07-28T17:38:26","date_gmt":"2023-07-28T20:38:26","guid":{"rendered":"https:\/\/ead.siteninjapro.com\/?page_id=123"},"modified":"2026-03-03T17:55:02","modified_gmt":"2026-03-03T20:55:02","slug":"home","status":"publish","type":"page","link":"https:\/\/cfcintelligence.com.br\/videoaulas\/","title":{"rendered":"Home"},"content":{"rendered":"\t\t<div data-elementor-type=\"wp-page\" data-elementor-id=\"123\" class=\"elementor elementor-123\" data-elementor-post-type=\"page\">\n\t\t\t\t<div class=\"elementor-element elementor-element-c18d058 e-flex e-con-boxed e-con e-parent\" data-id=\"c18d058\" data-element_type=\"container\" data-e-type=\"container\" data-settings=\"{&quot;background_background&quot;:&quot;classic&quot;}\">\n\t\t\t\t\t<div class=\"e-con-inner\">\n\t\t\t\t<div class=\"elementor-element elementor-element-0bb7308 elementor-widget__width-initial elementor-widget elementor-widget-heading\" data-id=\"0bb7308\" data-element_type=\"widget\" data-e-type=\"widget\" data-widget_type=\"heading.default\">\n\t\t\t\t<div class=\"elementor-widget-container\">\n\t\t\t\t\t<h1 class=\"elementor-heading-title elementor-size-default\">Seja mais um aprovado! <span style=\"color: #ffeb3b\">Fa\u00e7a sua CNH conosco.<\/span><\/h1>\t\t\t\t<\/div>\n\t\t\t\t<\/div>\n\t\t\t\t<div class=\"elementor-element elementor-element-496676f elementor-widget__width-initial elementor-widget elementor-widget-heading\" data-id=\"496676f\" data-element_type=\"widget\" data-e-type=\"widget\" data-widget_type=\"heading.default\">\n\t\t\t\t<div class=\"elementor-widget-container\">\n\t\t\t\t\t<h2 class=\"elementor-heading-title elementor-size-default\">Acesse conte\u00fados exclusivos, v\u00eddeos e materiais de apoio em uma estrutura feita para o seu sucesso.<\/h2>\t\t\t\t<\/div>\n\t\t\t\t<\/div>\n\t\t\t\t<div class=\"elementor-element elementor-element-7cffa2c elementor-mobile-align-center elementor-widget__width-initial elementor-widget elementor-widget-button\" data-id=\"7cffa2c\" data-element_type=\"widget\" data-e-type=\"widget\" data-widget_type=\"button.default\">\n\t\t\t\t<div class=\"elementor-widget-container\">\n\t\t\t\t\t\t\t\t\t<div class=\"elementor-button-wrapper\">\n\t\t\t\t\t<a class=\"elementor-button elementor-button-link elementor-size-sm\" href=\"https:\/\/cfcintelligence.com.br\/videoaulas\/painel\/\">\n\t\t\t\t\t\t<span class=\"elementor-button-content-wrapper\">\n\t\t\t\t\t\t<span class=\"elementor-button-icon\">\n\t\t\t\t<svg xmlns=\"http:\/\/www.w3.org\/2000\/svg\" width=\"20\" height=\"20\" viewBox=\"0 0 20 20\" fill=\"none\"><path d=\"M17.3172 10.4422L11.6922 16.0672C11.5749 16.1845 11.4159 16.2503 11.25 16.2503C11.0841 16.2503 10.9251 16.1845 10.8078 16.0672C10.6905 15.9499 10.6247 15.7909 10.6247 15.625C10.6247 15.4591 10.6905 15.3001 10.8078 15.1828L15.3664 10.625H3.125C2.95924 10.625 2.80027 10.5592 2.68306 10.4419C2.56585 10.3247 2.5 10.1658 2.5 10C2.5 9.83424 2.56585 9.67527 2.68306 9.55806C2.80027 9.44085 2.95924 9.375 3.125 9.375H15.3664L10.8078 4.81719C10.6905 4.69991 10.6247 4.54085 10.6247 4.375C10.6247 4.20915 10.6905 4.05009 10.8078 3.93281C10.9251 3.81554 11.0841 3.74965 11.25 3.74965C11.4159 3.74965 11.5749 3.81554 11.6922 3.93281L17.3172 9.55781C17.3753 9.61586 17.4214 9.68479 17.4529 9.76066C17.4843 9.83654 17.5005 9.91787 17.5005 10C17.5005 10.0821 17.4843 10.1635 17.4529 10.2393C17.4214 10.3152 17.3753 10.3841 17.3172 10.4422Z\" fill=\"white\"><\/path><\/svg>\t\t\t<\/span>\n\t\t\t\t\t\t\t\t\t<span class=\"elementor-button-text\">\u00c1rea do usu\u00e1rio<\/span>\n\t\t\t\t\t<\/span>\n\t\t\t\t\t<\/a>\n\t\t\t\t<\/div>\n\t\t\t\t\t\t\t\t<\/div>\n\t\t\t\t<\/div>\n\t\t<div class=\"elementor-element elementor-element-3345e8a e-con-full e-flex e-con e-child\" data-id=\"3345e8a\" data-element_type=\"container\" data-e-type=\"container\">\n\t\t\t\t<div class=\"elementor-element elementor-element-64f5037 elementor-widget elementor-widget-image\" data-id=\"64f5037\" data-element_type=\"widget\" data-e-type=\"widget\" data-widget_type=\"image.default\">\n\t\t\t\t<div class=\"elementor-widget-container\">\n\t\t\t\t\t\t\t\t\t\t\t\t\t\t\t<img decoding=\"async\" width=\"231\" height=\"43\" src=\"https:\/\/cfcintelligence.com.br\/videoaulas\/wp-content\/uploads\/2023\/07\/alunos-banner.png\" class=\"attachment-large size-large wp-image-314\" alt=\"\" \/>\t\t\t\t\t\t\t\t\t\t\t\t\t\t\t<\/div>\n\t\t\t\t<\/div>\n\t\t\t\t<div class=\"elementor-element elementor-element-02fca88 elementor-icon-list--layout-traditional elementor-list-item-link-full_width elementor-widget elementor-widget-icon-list\" data-id=\"02fca88\" data-element_type=\"widget\" data-e-type=\"widget\" data-widget_type=\"icon-list.default\">\n\t\t\t\t<div class=\"elementor-widget-container\">\n\t\t\t\t\t\t\t<ul class=\"elementor-icon-list-items\">\n\t\t\t\t\t\t\t<li class=\"elementor-icon-list-item\">\n\t\t\t\t\t\t\t\t\t\t\t<span class=\"elementor-icon-list-icon\">\n\t\t\t\t\t\t\t<i aria-hidden=\"true\" class=\"fas fa-check\"><\/i>\t\t\t\t\t\t<\/span>\n\t\t\t\t\t\t\t\t\t\t<span class=\"elementor-icon-list-text\">+ 10.000 alunos<\/span>\n\t\t\t\t\t\t\t\t\t<\/li>\n\t\t\t\t\t\t<\/ul>\n\t\t\t\t\t\t<\/div>\n\t\t\t\t<\/div>\n\t\t\t\t<\/div>\n\t\t\t\t\t<\/div>\n\t\t\t\t<\/div>\n\t\t<div class=\"elementor-element elementor-element-1de0ad2 e-flex e-con-boxed e-con e-parent\" data-id=\"1de0ad2\" data-element_type=\"container\" data-e-type=\"container\" id=\"cursos\">\n\t\t\t\t\t<div class=\"e-con-inner\">\n\t\t\t\t<div class=\"elementor-element elementor-element-1837182 elementor-widget elementor-widget-heading\" data-id=\"1837182\" data-element_type=\"widget\" data-e-type=\"widget\" data-widget_type=\"heading.default\">\n\t\t\t\t<div class=\"elementor-widget-container\">\n\t\t\t\t\t<h2 class=\"elementor-heading-title elementor-size-default\">Nossos cursos<\/h2>\t\t\t\t<\/div>\n\t\t\t\t<\/div>\n\t\t\t\t<div class=\"elementor-element elementor-element-fdc0c36 elementor-widget-divider--view-line elementor-widget elementor-widget-divider\" data-id=\"fdc0c36\" data-element_type=\"widget\" data-e-type=\"widget\" data-widget_type=\"divider.default\">\n\t\t\t\t<div class=\"elementor-widget-container\">\n\t\t\t\t\t\t\t<div class=\"elementor-divider\">\n\t\t\t<span class=\"elementor-divider-separator\">\n\t\t\t\t\t\t<\/span>\n\t\t<\/div>\n\t\t\t\t\t\t<\/div>\n\t\t\t\t<\/div>\n\t\t\t\t<div class=\"elementor-element elementor-element-d6a635d elementor-widget elementor-widget-etlms-course-list tutor-addon etlms-course-list\" data-id=\"d6a635d\" data-element_type=\"widget\" data-e-type=\"widget\" data-widget_type=\"etlms-course-list.default\">\n\t\t\t\t<div class=\"elementor-widget-container\">\n\t\t\t\t\t<div class=\"tutor-wrap tutor-courses-wrap tutor-container etlms-course-list-main-wrap\">\n\t\t\t\t\t<div class=\"etlms-course-list-loop-wrap tutor-course-list tutor-grid tutor-grid-3\">\n\t\t\t\t\t\t\t<div class=\"etlms-course-list-col\">\n\t\t\t\t\t<div class=\"tutor-card tutor-course-card tutor-loop-course-container etlms-course-card-classic   etlms-has-hover-animation\">\n            <div class=\"tutor-course-thumbnail\">\n        <a href=\"https:\/\/cfcintelligence.com.br\/videoaulas\/courses\/metodo-intelligence\/\" class=\"tutor-d-block\">\n            <div class=\"tutor-ratio tutor-ratio-16x9\">\n                <img decoding=\"async\" class=\"tutor-card-image-top\" src=\"https:\/\/cfcintelligence.com.br\/videoaulas\/wp-content\/uploads\/2026\/03\/Capa-Metodo-Intelligence.webp\" alt=\"M\u00e9todo Intelligence\" loading=\"lazy\">\n            <\/div>\n        <\/a>\n    <\/div>\n<div class=\"tutor-course-bookmark\">\n    <span class=\"cart-required-login save-bookmark-btn tutor-iconic-btn tutor-iconic-btn-secondary\" data-course-id=\"816\" role=\"button\">\n            <i class=\"tutor-icon-bookmark-line\"><\/i>\n        <\/span><\/div>\n\t<span class=\"tutor-course-difficulty-level\">\n        Intermedi\u00e1rio    <\/span>\n\n    <div class=\"tutor-card-body\">\n        <div class=\"tutor-course-ratings tutor-mb-8\">\n    <div class=\"tutor-ratings\">\n        <div class=\"tutor-ratings-stars\">\n            <span class=\"tutor-icon-star-bold\" data-rating-value=\"1\"><\/span><span class=\"tutor-icon-star-bold\" data-rating-value=\"2\"><\/span><span class=\"tutor-icon-star-bold\" data-rating-value=\"3\"><\/span><span class=\"tutor-icon-star-bold\" data-rating-value=\"4\"><\/span><span class=\"tutor-icon-star-half-bold\" data-rating-value=\"5\"><\/span>        <\/div>\n\n                    <div class=\"tutor-ratings-average\">4.67<\/div>\n            <div class=\"tutor-ratings-count\">(3)<\/div>\n            <\/div>\n<\/div>\n<h3 class=\"tutor-course-name tutor-fs-5 tutor-fw-medium tutor-mb-12\" title=\"M\u00e9todo Intelligence\">\n    <a href=\"https:\/\/cfcintelligence.com.br\/videoaulas\/courses\/metodo-intelligence\/\">M\u00e9todo Intelligence<\/a>\n<\/h3>\n<div class=\"tutor-meta tutor-mt-auto\">\n\t\t<div>\n\t\t<a href=\"https:\/\/cfcintelligence.com.br\/videoaulas\/profile\/magicpage?view=instructor\" class=\"tutor-d-flex\">\n\t\t\t<div class=\"tutor-avatar\"><div class=\"tutor-ratio tutor-ratio-1x1\"><span class=\"tutor-avatar-text\">C<\/span><\/div><\/div>\t\t<\/a>\n\t<\/div>\n\t\n\t<div>\n\t\t\t\t<span class=\"etlms-course-author-meta tutor-meta-key\">By<\/span>\n\t\t<a class=\"etlms-course-author-meta tutor-meta-value\" href=\"https:\/\/cfcintelligence.com.br\/videoaulas\/profile\/magicpage?view=instructor\">CFC<\/a>\n\t\t\n\t\t\t\t\t<span class=\"etlms-course-category-meta tutor-meta-key\">In<\/span>\n\t\t\t<a class=\"etlms-course-category-meta tutor-meta-value\" href=\"https:\/\/cfcintelligence.com.br\/videoaulas\/course-category\/video-aulas-cfc-intelligence\/?tutor-course-filter-category=23\">Video Aulas CFC Intelligence<\/a>\t\t\t<\/div>\n<\/div>\n    <\/div>\n\n    <div class=\"tutor-card-footer\">\n\t<div class=\"tutor-course-list-btn\"><a href=\"https:\/\/cfcintelligence.com.br\/videoaulas\/courses\/metodo-intelligence\/\" class=\"tutor-btn tutor-btn-outline-primary tutor-btn-md tutor-btn-block tutor-open-login-modal \" data-course-id=\"816\">Matricular-se no Curso<\/a><\/div><\/div>\n<\/div>\t\t\t\t<\/div>\n\t\t\t\t\t\t\t<div class=\"etlms-course-list-col\">\n\t\t\t\t\t<div class=\"tutor-card tutor-course-card tutor-loop-course-container etlms-course-card-classic   etlms-has-hover-animation\">\n            <div class=\"tutor-course-thumbnail\">\n        <a href=\"https:\/\/cfcintelligence.com.br\/videoaulas\/courses\/1-abertura\/\" class=\"tutor-d-block\">\n            <div class=\"tutor-ratio tutor-ratio-16x9\">\n                <img decoding=\"async\" class=\"tutor-card-image-top\" src=\"https:\/\/cfcintelligence.com.br\/videoaulas\/wp-content\/uploads\/2026\/03\/Orientacoes-para-Prova-Teorica-video-01.jpg\" alt=\"Aul\u00e3o CFC Intelligence\" loading=\"lazy\">\n            <\/div>\n        <\/a>\n    <\/div>\n<div class=\"tutor-course-bookmark\">\n    <span class=\"cart-required-login save-bookmark-btn tutor-iconic-btn tutor-iconic-btn-secondary\" data-course-id=\"727\" role=\"button\">\n            <i class=\"tutor-icon-bookmark-line\"><\/i>\n        <\/span><\/div>\n\t<span class=\"tutor-course-difficulty-level\">\n        Intermedi\u00e1rio    <\/span>\n\n    <div class=\"tutor-card-body\">\n        <div class=\"tutor-course-ratings tutor-mb-8\">\n    <div class=\"tutor-ratings\">\n        <div class=\"tutor-ratings-stars\">\n            <span class=\"tutor-icon-star-bold\" data-rating-value=\"1\"><\/span><span class=\"tutor-icon-star-bold\" data-rating-value=\"2\"><\/span><span class=\"tutor-icon-star-bold\" data-rating-value=\"3\"><\/span><span class=\"tutor-icon-star-bold\" data-rating-value=\"4\"><\/span><span class=\"tutor-icon-star-bold\" data-rating-value=\"5\"><\/span>        <\/div>\n\n                    <div class=\"tutor-ratings-average\">5.00<\/div>\n            <div class=\"tutor-ratings-count\">(2)<\/div>\n            <\/div>\n<\/div>\n<h3 class=\"tutor-course-name tutor-fs-5 tutor-fw-medium tutor-mb-12\" title=\"Aul\u00e3o CFC Intelligence\">\n    <a href=\"https:\/\/cfcintelligence.com.br\/videoaulas\/courses\/1-abertura\/\">Aul\u00e3o CFC Intelligence<\/a>\n<\/h3>\n<div class=\"tutor-meta tutor-mt-auto\">\n\t\t<div>\n\t\t<a href=\"https:\/\/cfcintelligence.com.br\/videoaulas\/profile\/cfcintelligence?view=instructor\" class=\"tutor-d-flex\">\n\t\t\t<div class=\"tutor-avatar\"><div class=\"tutor-ratio tutor-ratio-1x1\"><span class=\"tutor-avatar-text\">C<\/span><\/div><\/div>\t\t<\/a>\n\t<\/div>\n\t\n\t<div>\n\t\t\t\t<span class=\"etlms-course-author-meta tutor-meta-key\">By<\/span>\n\t\t<a class=\"etlms-course-author-meta tutor-meta-value\" href=\"https:\/\/cfcintelligence.com.br\/videoaulas\/profile\/cfcintelligence?view=instructor\">cfcintelligence<\/a>\n\t\t\n\t\t\t\t\t<span class=\"etlms-course-category-meta tutor-meta-key\">In<\/span>\n\t\t\t<a class=\"etlms-course-category-meta tutor-meta-value\" href=\"https:\/\/cfcintelligence.com.br\/videoaulas\/course-category\/video-aulas-cfc-intelligence\/?tutor-course-filter-category=23\">Video Aulas CFC Intelligence<\/a>\t\t\t<\/div>\n<\/div>\n    <\/div>\n\n    <div class=\"tutor-card-footer\">\n\t<div class=\"tutor-course-list-btn\"><a href=\"https:\/\/cfcintelligence.com.br\/videoaulas\/courses\/1-abertura\/\" class=\"tutor-btn tutor-btn-outline-primary tutor-btn-md tutor-btn-block tutor-open-login-modal \" data-course-id=\"727\">Matricular-se no Curso<\/a><\/div><\/div>\n<\/div>\t\t\t\t<\/div>\n\t\t\t\t\t<\/div>\n\n\t\t\t\t\t\t\t<div class=\"etlms-course-list-pagination-wrap tutor-mt-32\">\n\t\t\t<div class=\"etlms-pagination prev-next\">\n\t\t\t\t\t\t\t<\/div>\n\n\t\t\t<div class=\"etlms-pagination pagination-numbers-prev-next\">\n\t\t\t\t\t\t\t\t<\/div>\n\t\t\t\t<\/div>\n\t\t\t\t<\/div>\n<div class=\"tutor-modal tutor-login-modal\">\n\t<div class=\"tutor-modal-overlay\"><\/div>\n\t<div class=\"tutor-modal-window tutor-modal-window-sm\">\n\t\t<div class=\"tutor-modal-content tutor-modal-content-white\">\n\t\t\t<button class=\"tutor-iconic-btn tutor-modal-close-o\" data-tutor-modal-close>\n\t\t\t\t<span class=\"tutor-icon-times\" area-hidden=\"true\"><\/span>\n\t\t\t<\/button>\n\n\t\t\t<div class=\"tutor-modal-body\">\n\t\t\t\t<div class=\"tutor-py-48\">\n\t\t\t\t\t\t\t\t\t\t<div class=\"tutor-fs-4 tutor-fw-medium tutor-color-black tutor-mb-32\">Ol\u00e1, bem-vindo de volta!<\/div>\n\t\t\t\t\t<form id=\"tutor-login-form\" method=\"post\">\n\t\t<input type=\"hidden\" id=\"_tutor_nonce\" name=\"_tutor_nonce\" value=\"83fb0574a8\" \/><input type=\"hidden\" name=\"_wp_http_referer\" value=\"\/videoaulas\/wp-json\/wp\/v2\/pages\/123\" \/>\t<input type=\"hidden\" name=\"tutor_action\" value=\"tutor_user_login\" \/>\n\t<input type=\"hidden\" name=\"redirect_to\" value=\"https:\/\/cfcintelligence.com.br\/videoaulas\/wp-json\/wp\/v2\/pages\/123\" \/>\n\n\t<div class=\"tutor-mb-20\">\n\t\t<input type=\"text\" class=\"tutor-form-control\" placeholder=\"Usu\u00e1rio ou endere\u00e7o de e-mail\" name=\"log\" value=\"\" size=\"20\" required\/>\n\t<\/div>\n\n\t<div class=\"tutor-mb-32\">\n\t\t<input type=\"password\" class=\"tutor-form-control\" placeholder=\"Senha\" name=\"pwd\" value=\"\" size=\"20\" required\/>\n\t<\/div>\n\n\t<div class=\"tutor-login-error\"><\/div>\n\t\t\t<input type=\"hidden\" name=\"timezone\" value=\"America\/Sao_Paulo\" \/>\n\t\t<script>\n\t\t\tdocument.addEventListener('DOMContentLoaded', function() {\n\t\t\t\tconst timezone = document.querySelector('input[name=\"timezone\"]');\n\t\t\t\tif ( timezone) {\n\t\t\t\t\tconst tz = Intl.DateTimeFormat().resolvedOptions().timeZone;\n\t\t\t\t\ttimezone.value = tz\n\t\t\t\t}\n\t\t\t});\n\t\t<\/script>\n\t\t\t<div class=\"tutor-d-flex tutor-justify-between tutor-align-center tutor-mb-40\">\n\t\t<div class=\"tutor-form-check\">\n\t\t\t<input id=\"tutor-login-agmnt-1\" type=\"checkbox\" class=\"tutor-form-check-input tutor-bg-black-40\" name=\"rememberme\" value=\"forever\" \/>\n\t\t\t<label for=\"tutor-login-agmnt-1\" class=\"tutor-fs-7 tutor-color-muted\">\n\t\t\t\tManter logado\t\t\t<\/label>\n\t\t<\/div>\n\t\t<a href=\"https:\/\/cfcintelligence.com.br\/videoaulas\/painel\/retrieve-password\" class=\"tutor-btn tutor-btn-ghost\">\n\t\t\tEsqueceu a senha?\t\t<\/a>\n\t<\/div>\n\n\t\t<button type=\"submit\" class=\"tutor-btn tutor-btn-primary tutor-btn-block\">\n\t\tEntrar\t<\/button>\n\t\n\t\t<\/form>\n<script>\n\tdocument.addEventListener('DOMContentLoaded', function() {\n\t\tvar { __ } = wp.i18n;\n\t\tvar loginModal = document.querySelector('.tutor-modal.tutor-login-modal');\n\t\tvar errors = [];\n\t\tif (loginModal && errors.length) {\n\t\t\tloginModal.classList.add('tutor-is-active');\n\t\t}\n\t});\n<\/script>\n\n\t\t\t\t\t\t\t\t\t<\/div>\n\t\t\t\t\t\t\t<\/div>\n\t\t<\/div>\n\t<\/div>\n<\/div>\n\t\t\t\t<\/div>\n\t\t\t\t<\/div>\n\t\t\t\t\t<\/div>\n\t\t\t\t<\/div>\n\t\t\t\t<\/div>\n\t\t","protected":false},"excerpt":{"rendered":"<p>Seja mais um aprovado! Fa\u00e7a sua CNH conosco. Acesse conte\u00fados exclusivos, v\u00eddeos e materiais de apoio em uma<\/p>\n","protected":false},"author":19,"featured_media":0,"parent":0,"menu_order":0,"comment_status":"closed","ping_status":"closed","template":"elementor_header_footer","meta":{"_tutorstarter_page_metadata":[],"footnotes":""},"class_list":["post-123","page","type-page","status-publish","hentry"],"_links":{"self":[{"href":"https:\/\/cfcintelligence.com.br\/videoaulas\/wp-json\/wp\/v2\/pages\/123","targetHints":{"allow":["GET"]}}],"collection":[{"href":"https:\/\/cfcintelligence.com.br\/videoaulas\/wp-json\/wp\/v2\/pages"}],"about":[{"href":"https:\/\/cfcintelligence.com.br\/videoaulas\/wp-json\/wp\/v2\/types\/page"}],"author":[{"embeddable":true,"href":"https:\/\/cfcintelligence.com.br\/videoaulas\/wp-json\/wp\/v2\/users\/19"}],"replies":[{"embeddable":true,"href":"https:\/\/cfcintelligence.com.br\/videoaulas\/wp-json\/wp\/v2\/comments?post=123"}],"version-history":[{"count":0,"href":"https:\/\/cfcintelligence.com.br\/videoaulas\/wp-json\/wp\/v2\/pages\/123\/revisions"}],"wp:attachment":[{"href":"https:\/\/cfcintelligence.com.br\/videoaulas\/wp-json\/wp\/v2\/media?parent=123"}],"curies":[{"name":"wp","href":"https:\/\/api.w.org\/{rel}","templated":true}]}}