{"id":125,"date":"2023-07-28T17:38:43","date_gmt":"2023-07-28T20:38:43","guid":{"rendered":"https:\/\/ead.siteninjapro.com\/?page_id=125"},"modified":"2026-03-04T09:15:31","modified_gmt":"2026-03-04T12:15:31","slug":"sobre","status":"publish","type":"page","link":"https:\/\/cfcintelligence.com.br\/videoaulas\/sobre\/","title":{"rendered":"Sobre"},"content":{"rendered":"\t\t<div data-elementor-type=\"wp-page\" data-elementor-id=\"125\" class=\"elementor elementor-125\" data-elementor-post-type=\"page\">\n\t\t\t\t<div class=\"elementor-element elementor-element-95666f9 e-flex e-con-boxed e-con e-parent\" data-id=\"95666f9\" data-element_type=\"container\" data-e-type=\"container\" data-settings=\"{&quot;background_background&quot;:&quot;classic&quot;}\">\n\t\t\t\t\t<div class=\"e-con-inner\">\n\t\t<div class=\"elementor-element elementor-element-ebdf74a e-con-full e-flex e-con e-child\" data-id=\"ebdf74a\" data-element_type=\"container\" data-e-type=\"container\">\n\t\t\t\t<div class=\"elementor-element elementor-element-56fe8ca elementor-widget elementor-widget-heading\" data-id=\"56fe8ca\" data-element_type=\"widget\" data-e-type=\"widget\" data-widget_type=\"heading.default\">\n\t\t\t\t<div class=\"elementor-widget-container\">\n\t\t\t\t\t<h1 class=\"elementor-heading-title elementor-size-default\">Bem-vindo ao Portal de Videoaulas \u2014 CFC Intelligence<\/h1>\t\t\t\t<\/div>\n\t\t\t\t<\/div>\n\t\t\t\t<div class=\"elementor-element elementor-element-08bfc74 elementor-widget-divider--view-line elementor-widget elementor-widget-divider\" data-id=\"08bfc74\" data-element_type=\"widget\" data-e-type=\"widget\" data-widget_type=\"divider.default\">\n\t\t\t\t<div class=\"elementor-widget-container\">\n\t\t\t\t\t\t\t<div class=\"elementor-divider\">\n\t\t\t<span class=\"elementor-divider-separator\">\n\t\t\t\t\t\t<\/span>\n\t\t<\/div>\n\t\t\t\t\t\t<\/div>\n\t\t\t\t<\/div>\n\t\t\t\t<div class=\"elementor-element elementor-element-467761d elementor-widget elementor-widget-text-editor\" data-id=\"467761d\" data-element_type=\"widget\" data-e-type=\"widget\" data-widget_type=\"text-editor.default\">\n\t\t\t\t<div class=\"elementor-widget-container\">\n\t\t\t\t\t\t\t\t\tBem-vindo \u00e0 plataforma de ensino a dist\u00e2ncia do <b data-path-to-node=\"4\" data-index-in-node=\"48\">CFC Intelligence<\/b> \u2014 uma solu\u00e7\u00e3o exclusiva desenvolvida pela <b data-path-to-node=\"4\" data-index-in-node=\"107\">MagicPage<\/b> para oferecer o que h\u00e1 de mais moderno em prepara\u00e7\u00e3o para a sua prova te\u00f3rica de tr\u00e2nsito.<\/p>\n<p data-path-to-node=\"5\">Este ambiente foi planejado para ser uma extens\u00e3o da sua sala de aula, proporcionando uma experi\u00eancia de aprendizado organizada, intuitiva e focada na sua aprova\u00e7\u00e3o. No CFC Intelligence, acreditamos que a tecnologia deve facilitar o conhecimento; por isso, entregamos um sistema onde voc\u00ea pode assistir \u00e0s suas orienta\u00e7\u00f5es com clareza e praticidade.<\/p>\n<p data-path-to-node=\"6\">Nossa plataforma permite que voc\u00ea acesse as aulas em v\u00eddeo de forma estruturada, acompanhe seu progresso em tempo real e revise os conte\u00fados fundamentais quantas vezes precisar dentro do seu per\u00edodo de acesso de <b data-path-to-node=\"6\" data-index-in-node=\"212\">60 dias<\/b>. Tudo foi projetado para engajar o aluno e garantir que cada minuto de estudo seja produtivo.<\/p>\n<p data-path-to-node=\"7\">A navega\u00e7\u00e3o intuitiva e a alta qualidade dos v\u00eddeos, hospedados com a seguran\u00e7a do <b data-path-to-node=\"7\" data-index-in-node=\"83\">Bunny.net<\/b>, garantem que voc\u00ea tenha em m\u00e3os uma ferramenta profissional e robusta, pronta para apoiar sua jornada rumo \u00e0 Carteira Nacional de Habilita\u00e7\u00e3o.<\/p>\n<p data-path-to-node=\"8\"><b data-path-to-node=\"8\" data-index-in-node=\"0\">Este \u00e9 o seu espa\u00e7o de estudo. Aproveite cada aula e prepare-se com quem \u00e9 refer\u00eancia em intelig\u00eancia educacional para o tr\u00e2nsito.<\/b><\/p>\t\t\t\t\t\t\t\t<\/div>\n\t\t\t\t<\/div>\n\t\t\t\t<\/div>\n\t\t<div class=\"elementor-element elementor-element-41327c7 e-con-full e-flex e-con e-child\" data-id=\"41327c7\" data-element_type=\"container\" data-e-type=\"container\">\n\t\t\t\t<div class=\"elementor-element elementor-element-3f05fa0 elementor-widget elementor-widget-image\" data-id=\"3f05fa0\" data-element_type=\"widget\" data-e-type=\"widget\" data-widget_type=\"image.default\">\n\t\t\t\t<div class=\"elementor-widget-container\">\n\t\t\t\t\t\t\t\t\t\t\t\t\t\t\t<img fetchpriority=\"high\" decoding=\"async\" width=\"986\" height=\"623\" src=\"https:\/\/cfcintelligence.com.br\/videoaulas\/wp-content\/uploads\/2026\/03\/CFC-pessoa-banner-01.webp\" class=\"attachment-large size-large wp-image-746\" alt=\"\" srcset=\"https:\/\/cfcintelligence.com.br\/videoaulas\/wp-content\/uploads\/2026\/03\/CFC-pessoa-banner-01.webp 986w, https:\/\/cfcintelligence.com.br\/videoaulas\/wp-content\/uploads\/2026\/03\/CFC-pessoa-banner-01-300x190.webp 300w, https:\/\/cfcintelligence.com.br\/videoaulas\/wp-content\/uploads\/2026\/03\/CFC-pessoa-banner-01-768x485.webp 768w, https:\/\/cfcintelligence.com.br\/videoaulas\/wp-content\/uploads\/2026\/03\/CFC-pessoa-banner-01-18x12.webp 18w, https:\/\/cfcintelligence.com.br\/videoaulas\/wp-content\/uploads\/2026\/03\/CFC-pessoa-banner-01-79x50.webp 79w\" sizes=\"(max-width: 986px) 100vw, 986px\" \/>\t\t\t\t\t\t\t\t\t\t\t\t\t\t\t<\/div>\n\t\t\t\t<\/div>\n\t\t\t\t<\/div>\n\t\t\t\t\t<\/div>\n\t\t\t\t<\/div>\n\t\t\t\t<\/div>\n\t\t","protected":false},"excerpt":{"rendered":"<p>Bem-vindo ao Portal de Videoaulas \u2014 CFC Intelligence Bem-vindo \u00e0 plataforma de ensino a dist\u00e2ncia do CFC Intelligence<\/p>\n","protected":false},"author":19,"featured_media":0,"parent":0,"menu_order":0,"comment_status":"closed","ping_status":"closed","template":"elementor_header_footer","meta":{"_tutorstarter_page_metadata":[],"footnotes":""},"class_list":["post-125","page","type-page","status-publish","hentry"],"_links":{"self":[{"href":"https:\/\/cfcintelligence.com.br\/videoaulas\/wp-json\/wp\/v2\/pages\/125","targetHints":{"allow":["GET"]}}],"collection":[{"href":"https:\/\/cfcintelligence.com.br\/videoaulas\/wp-json\/wp\/v2\/pages"}],"about":[{"href":"https:\/\/cfcintelligence.com.br\/videoaulas\/wp-json\/wp\/v2\/types\/page"}],"author":[{"embeddable":true,"href":"https:\/\/cfcintelligence.com.br\/videoaulas\/wp-json\/wp\/v2\/users\/19"}],"replies":[{"embeddable":true,"href":"https:\/\/cfcintelligence.com.br\/videoaulas\/wp-json\/wp\/v2\/comments?post=125"}],"version-history":[{"count":0,"href":"https:\/\/cfcintelligence.com.br\/videoaulas\/wp-json\/wp\/v2\/pages\/125\/revisions"}],"wp:attachment":[{"href":"https:\/\/cfcintelligence.com.br\/videoaulas\/wp-json\/wp\/v2\/media?parent=125"}],"curies":[{"name":"wp","href":"https:\/\/api.w.org\/{rel}","templated":true}]}}